{"id":1386,"date":"2022-02-04T23:27:32","date_gmt":"2022-02-04T22:27:32","guid":{"rendered":"https:\/\/imachupicchu.com\/es\/?page_id=1386"},"modified":"2026-03-23T17:28:03","modified_gmt":"2026-03-23T17:28:03","slug":"reserva-bus-machu-picchu","status":"publish","type":"page","link":"https:\/\/imachupicchu.com\/es\/reserva-bus-machu-picchu\/","title":{"rendered":"Reserva Bus Machu Picchu"},"content":{"rendered":"<div class=\"contenti\">\n<div class=\"section\">\n<div class=\"single\">\n            <\/p>\n<header>\n<h1 class=\"heading-title text-center\">Reserva Bus Machu Picchu<\/h1>\n<\/header>\n<p>&nbsp;<\/p>\n<h2>Beneficios de comprar el ticket de bus a Machu Picchu:<\/h2>\n<ul class=\"ultc\">\n<li>No te desgastes subiendo a pie hasta Machu Picchu. Elige subir en bus de la forma m\u00e1s c\u00f3moda y segura.<\/li>\n<li>Todos los buses son amplios con asientos c\u00f3modos y ventanas amplias para apreciar los bellos paisajes aleda\u00f1os a Machu Picchu.<\/li>\n<li>Viaja en bus y llega puntual a Machu Picchu para aprovechar al m\u00e1ximo tu recorrido por la maravilla inca.<\/li>\n<li>Compra por internet desde tu casa y evita hacer colas innecesarias en Cusco.<\/li>\n<\/ul>\n<hr>\n<p>\n            <!-- \n\n<div class=\"tta-booking-container\">\n                \n\n<h3 class=\"tta-booking-title\">Reservar boleto de bus Aguas Calientes - Machu Picchu<\/h3>\n\n\n                [ttapp id=\"bus_consettur\"]\n            <\/div>\n\n --><\/p>\n<div class=\"mt-fmv-form-render fm-form-container\" id=\"fmv_data_id\"><form-container :data=\"render\" :loading=\"loading\" :current=\"current\" :submited=\"submited\" :settings=\"settings\" :nosolved=\"showCaptchaError\" :sending=\"sending\" :pre-upload=\"preUpload\" :show-preview-data=\"showPreviewData\" :show-submit-buttons=\"showSubmitButtons\" :fid=\"fid\" :preview-data-content=\"previewDataContent\" :change-register-section=\"changeRegisterSection\" :is-login=\"isLogin\" :payments=\"payments\" :translates=\"translates\" :type=\"type\" :message=\"message\"><\/form-container><\/div><\/div>\n<\/p><\/div>\n<\/div>\n","protected":false},"excerpt":{"rendered":"<p>Reserva Bus Machu Picchu &nbsp; Beneficios de comprar el ticket de bus a Machu Picchu: No te desgastes subiendo a pie hasta Machu Picchu. Elige subir en bus de la forma m\u00e1s c\u00f3moda y segura. Todos los buses son amplios con asientos c\u00f3modos y ventanas amplias para apreciar los bellos paisajes aleda\u00f1os a Machu Picchu. [&hellip;]<\/p>\n","protected":false},"author":1,"featured_media":0,"parent":0,"menu_order":0,"comment_status":"closed","ping_status":"closed","template":"","meta":{"footnotes":""},"class_list":["post-1386","page","type-page","status-publish","hentry","wpautop"],"aioseo_notices":[],"_links":{"self":[{"href":"https:\/\/imachupicchu.com\/es\/wp-json\/wp\/v2\/pages\/1386","targetHints":{"allow":["GET"]}}],"collection":[{"href":"https:\/\/imachupicchu.com\/es\/wp-json\/wp\/v2\/pages"}],"about":[{"href":"https:\/\/imachupicchu.com\/es\/wp-json\/wp\/v2\/types\/page"}],"author":[{"embeddable":true,"href":"https:\/\/imachupicchu.com\/es\/wp-json\/wp\/v2\/users\/1"}],"replies":[{"embeddable":true,"href":"https:\/\/imachupicchu.com\/es\/wp-json\/wp\/v2\/comments?post=1386"}],"version-history":[{"count":13,"href":"https:\/\/imachupicchu.com\/es\/wp-json\/wp\/v2\/pages\/1386\/revisions"}],"predecessor-version":[{"id":5452,"href":"https:\/\/imachupicchu.com\/es\/wp-json\/wp\/v2\/pages\/1386\/revisions\/5452"}],"wp:attachment":[{"href":"https:\/\/imachupicchu.com\/es\/wp-json\/wp\/v2\/media?parent=1386"}],"curies":[{"name":"wp","href":"https:\/\/api.w.org\/{rel}","templated":true}]}}