{"id":1391,"date":"2022-02-04T23:30:54","date_gmt":"2022-02-04T22:30:54","guid":{"rendered":"https:\/\/imachupicchu.com\/es\/?page_id=1391"},"modified":"2026-03-23T17:28:45","modified_gmt":"2026-03-23T17:28:45","slug":"reserva-guiado-machu-picchu","status":"publish","type":"page","link":"https:\/\/imachupicchu.com\/es\/reserva-guiado-machu-picchu\/","title":{"rendered":"Reserva Gu\u00eda Tur\u00edstico en Machupicchu"},"content":{"rendered":"<div class=\"contenti\">\n<div class=\"section\">\n<div class=\"single\">\n            <\/p>\n<header>\n<h1 class=\"heading-title text-center\">Reserva Guia Machu Picchu<\/h1>\n<\/header>\n<p>&nbsp;<\/p>\n<h2>Beneficios de reservar el servicio de gu\u00eda tur\u00edstico en Machu Picchu: <\/h2>\n<ul class=\"ultc\">\n<li>Recorrer Machu Picchu con un gu\u00eda tur\u00edstico profesional es la mejor manera de disfrutar de la maravilla del mundo.<\/li>\n<li>\u00a1Contamos con los mejores gu\u00edas tur\u00edsticos de Machu Picchu!<\/li>\n<li>Nuestros gu\u00edas tienen conocimiento de varios idiomas incluido el espa\u00f1ol, ingl\u00e9s, franc\u00e9s, portugu\u00e9s y m\u00e1s.<\/li>\n<li>Escoge un gu\u00eda privado para ti, tu familia, pareja o amigos y conoce Machu Picchu a tu manera, con tu propio itinerario.<\/li>\n<li>Reserva tu gu\u00eda por internet y evita quedarte sin uno en tu viaje a Machu Picchu. La demanda de gu\u00edas en Machu Picchu es alta.<\/li>\n<\/ul>\n<hr>\n<p>\n            <!-- \n\n<div class=\"tta-booking-container\">\n                \n\n<h3 class=\"tta-booking-title\">Reservar servicio de guiado a Machu Picchu<\/h3>\n\n\n                [ttapp id=\"guiado_machu_picchu\"]\n            <\/div>\n\n --><\/p>\n<div class=\"mt-fmv-form-render fm-form-container\" id=\"fmv_data_id\"><form-container :data=\"render\" :loading=\"loading\" :current=\"current\" :submited=\"submited\" :settings=\"settings\" :nosolved=\"showCaptchaError\" :sending=\"sending\" :pre-upload=\"preUpload\" :show-preview-data=\"showPreviewData\" :show-submit-buttons=\"showSubmitButtons\" :fid=\"fid\" :preview-data-content=\"previewDataContent\" :change-register-section=\"changeRegisterSection\" :is-login=\"isLogin\" :payments=\"payments\" :translates=\"translates\" :type=\"type\" :message=\"message\"><\/form-container><\/div><\/div>\n<\/p><\/div>\n<\/div>\n","protected":false},"excerpt":{"rendered":"<p>Reserva Guia Machu Picchu &nbsp; Beneficios de reservar el servicio de gu\u00eda tur\u00edstico en Machu Picchu: Recorrer Machu Picchu con un gu\u00eda tur\u00edstico profesional es la mejor manera de disfrutar de la maravilla del mundo. \u00a1Contamos con los mejores gu\u00edas tur\u00edsticos de Machu Picchu! Nuestros gu\u00edas tienen conocimiento de varios idiomas incluido el espa\u00f1ol, ingl\u00e9s, [&hellip;]<\/p>\n","protected":false},"author":1,"featured_media":0,"parent":0,"menu_order":0,"comment_status":"closed","ping_status":"closed","template":"","meta":{"footnotes":""},"class_list":["post-1391","page","type-page","status-publish","hentry","wpautop"],"aioseo_notices":[],"_links":{"self":[{"href":"https:\/\/imachupicchu.com\/es\/wp-json\/wp\/v2\/pages\/1391","targetHints":{"allow":["GET"]}}],"collection":[{"href":"https:\/\/imachupicchu.com\/es\/wp-json\/wp\/v2\/pages"}],"about":[{"href":"https:\/\/imachupicchu.com\/es\/wp-json\/wp\/v2\/types\/page"}],"author":[{"embeddable":true,"href":"https:\/\/imachupicchu.com\/es\/wp-json\/wp\/v2\/users\/1"}],"replies":[{"embeddable":true,"href":"https:\/\/imachupicchu.com\/es\/wp-json\/wp\/v2\/comments?post=1391"}],"version-history":[{"count":8,"href":"https:\/\/imachupicchu.com\/es\/wp-json\/wp\/v2\/pages\/1391\/revisions"}],"predecessor-version":[{"id":5453,"href":"https:\/\/imachupicchu.com\/es\/wp-json\/wp\/v2\/pages\/1391\/revisions\/5453"}],"wp:attachment":[{"href":"https:\/\/imachupicchu.com\/es\/wp-json\/wp\/v2\/media?parent=1391"}],"curies":[{"name":"wp","href":"https:\/\/api.w.org\/{rel}","templated":true}]}}