{"id":1462,"date":"2022-02-19T15:54:29","date_gmt":"2022-02-19T14:54:29","guid":{"rendered":"https:\/\/imachupicchu.com\/es\/?page_id=1462"},"modified":"2024-08-22T21:21:04","modified_gmt":"2024-08-22T21:21:04","slug":"entrada-machu-picchu-descuento-universitario","status":"publish","type":"page","link":"https:\/\/imachupicchu.com\/es\/entrada-machu-picchu-descuento-universitario\/","title":{"rendered":"Mi entrada a Machu Picchu con descuento universitario"},"content":{"rendered":"<main class=\"contenti\">\r\n<div class=\"container-single\">\r\n    <div class=\"single mt-4 mb-4\">\r\n        <!--\r\n<div class=\"contenti\">\r\n<div class=\"section section-privacy section-slim\">\r\n\r\n -->\r\n        <article>\r\n            <div class=\"mb-4\"><nav class=\"breadcrumb\" itemscope itemtype=\"http:\/\/schema.org\/BreadcrumbList\"><ol> <li><span class=\"sep\">\/<\/span><\/li> <span class=\"current\">P\u00e1ginas<\/span><\/ol><\/nav><!-- .breadcrumbs --><\/div>\r\n            <header>\r\n                <h1 class=\"section-title text-center\">Mi entrada a Machu Picchu con descuento universitario<\/h1>\r\n            <\/header>\r\n            <p class=\"main-paragraph italic\">La entrada a Machu Picchu ofrece precios especiales para los estudiantes universitarios de todos los pa\u00edses. \u00bfC\u00f3mo acceder a estos descuentos? Solo debe realizar su compra como estudiante universitario. Al momento de su ingreso a Machu Picchu el guardia le pedir\u00e1 su carnet universitario vigente. Recuerde que no se permite el carnet ISIC ni otro documento que no sea el carnet universitario vigente. Conoce en este art\u00edculo c\u00f3mo acceder a este descuento, cu\u00e1nto cuesta, c\u00f3mo comprar el boleto y m\u00e1s.<\/p>\r\n            <div class=\"mt-4 mb-4\">\r\n                <figure class=\"text-center\"><img decoding=\"async\" src=\"https:\/\/imachupicchu.com\/wp-content\/uploads\/carnet-universitario-machu-picchu-principal-2024.jpg\" alt=\"Carnet Universitario entrada Machu Picchu\" \/>\r\n                    <figcaption class=\"fz-14 text-center italic mt-1\"><strong>Machu Picchu con descuento para estudiantes<\/strong><\/figcaption>\r\n                <\/figure>\r\n            <\/div>\r\n            <div class=\"mt-4 mb-4 bgc-primary\" style=\"padding: 1rem;\">\r\n                <p class=\"text-center\"><b>Contenido<\/b><\/p>\r\n                <ul>\r\n                    <li><a href=\"#todas-entradas-machu-picchu\">Todas las entradas a Machu Picchu<\/a><\/li>\r\n                    <li><a href=\"#descuentos-entrada-machu-picchu\">Los descuentos en la entrada a Machu Picchu<\/a><\/li>\r\n                    <li><a href=\"#descuento-estudiantes-universitarios\">El descuento para estudiantes universitarios<\/a><\/li>\r\n                    <li><a href=\"#estos-son-los-precios\">Estos son los precios<\/a><\/li>\r\n                    <li><a href=\"#carnet-universitario-necesito\">El carnet universitario que necesito<\/a><\/li>\r\n                    <li><a href=\"#compra-ticket-descuento-universitario\">La compra del ticket con descuento universitario<\/a><\/li>\r\n                    <li><a href=\"#mas-informacion\">M\u00e1s informaci\u00f3n sobre la entrada para estudiantes <\/a><\/li>\r\n                <\/ul>\r\n            <\/div>\r\n            <h2 id=\"todas-entradas-machu-picchu\">Todas las entradas a Machu Picchu<\/h2>\r\n            <p><a href=\"https:\/\/imachupicchu.com\/es\/tipos-entradas-machu-picchu\/\">En total existen cuatro tipos de entradas a Machu Picchu que son:<\/a><\/p>\r\n            <ul>\r\n                <li><strong>Entrada Machupicchu Solo<\/strong> \u2013 Este boleto permite recorrer la ciudadela inca de Machu Picchu as\u00ed como la mayor\u00eda de sus construcciones. Tambi\u00e9n ofrece conseguir la foto postal de Machu Picchu. Es el m\u00e1s escogido por los turistas.<\/li>\r\n                <li><strong>Entrada Machupicchu con Huaynapicchu<\/strong> \u2013 Este boleto permite recorrer la ciudadela inca de Machu Picchu en un circuito m\u00e1s corto. Adem\u00e1s permite realizar la ardua caminata a la cima de la monta\u00f1a Huayna Picchu donde se tienen vistas paisaj\u00edsticas incre\u00edbles de todo el lugar.<\/li>\r\n                <li><strong>Entrada Machupicchu con Monta\u00f1a<\/strong> \u2013 Este boleto permite recorrer la ciudadela inca de Machu Picchu en un circuito m\u00e1s corto. Tambi\u00e9n ofrece realizar la ardua caminata a la cima de la monta\u00f1a Machu Picchu donde se logran vistas incre\u00edbles. Es el \u00fanico ticket que permite volver a entrar al sitio inca una vez afuera.<\/li>\r\n                <li><strong>Entrada Machupicchu con Huchuypicchu<\/strong> \u2013 Este boleto permite recorrer la ciudadela inca de Machu Picchu en un circuito m\u00e1s corto. Tambi\u00e9n ofrece realizar la caminata corta a la cima de la monta\u00f1a Huchuy Picchu. Es un ticket nuevo que mezcla aventura con historia.<\/li>\r\n            <\/ul>\r\n            <h2 id=\"descuentos-entrada-machu-picchu\">Los descuentos en la entrada a Machu Picchu<\/h2>\r\n            <p>Luego de que elija el tipo de entrada a Machu Picchu de su preferencia, revise si accede a uno de los tres descuentos disponibles:<\/p>\r\n            <ul>\r\n                <li><strong>Descuento para menores de 18 a\u00f1os<\/strong> \u2013 Esta oferta incluye a las personas de todas nacionalidades menores de 18 a\u00f1os y mayores de 3 a\u00f1os. Los ni\u00f1os menores de 3 a\u00f1os ingresan gratis a Machu Picchu. El ingreso es con su documento de identidad o pasaporte.<\/li>\r\n                <li><strong>Descuento para pa\u00edses de Comunidad Andina de Naciones<\/strong> \u2013 Esta oferta incluye a los ciudadanos de Per\u00fa, Colombia, Ecuador o Bolivia de todas las edades. El ingreso es con su documento de identidad, pasaporte o con su carnet de extranjer\u00eda con residencia en dichos pa\u00edses.<\/li>\r\n                <li><strong>Descuento para estudiantes universitarios<\/strong> \u2013 Esta oferta incluye a los estudiantes universitarios de pregrado de todo el mundo. Los estudiantes adem\u00e1s deben ser menores de 25 a\u00f1os. El ingreso es con su carnet universitario oficial adem\u00e1s con su pasaporte o documento de identidad.<\/li>\r\n            <\/ul>\r\n            <h2 id=\"descuento-estudiantes-universitarios\">El descuento para estudiantes universitarios<\/h2>\r\n            El descuento para estudiantes universitarios est\u00e1 disponible para estudiantes de pregrado menores de 25 a\u00f1os que cuenten con un carnet universitario vigente otorgado por la autoridad oficial de su pa\u00eds.\r\n            No acceden al descuento los estudiantes de maestr\u00edas, doctorados o post grados. Solo se aceptan estudiantes de pregrado.\r\n            Los estudiantes de institutos tambi\u00e9n pueden acceder a este descuento si cuentan con un carnet universitario. En Per\u00fa, por ejemplo, los estudiantes de institutos autorizados por las autoridades cuentan con un carnet universitario. Ellos s\u00ed pueden acceder al descuento.\r\n            Cabe se\u00f1alar que los estudiantes deben de mostrar su carnet al momento del ingreso a Machu Picchu. Entonces deben de seguir contando con menos de 25 a\u00f1os.\r\n            <h2 id=\"estos-son-los-precios\">Estos son los precios<\/h2>\r\n            Estos son los precios para adultos y para estudiantes universitarios:\r\n            <div class=\"mtc-table-wrapper section\">\r\n                <table class=\"mtc-table-prices\">\r\n                    <thead>\r\n                        <tr>\r\n                            <th colspan=\"3\" class=\"mtc-table__thead\">\r\n                                <div class=\"mtc-table__thead__text text-center\">Entrada Machupicchu Solo<\/div>\r\n                            <\/th>\r\n                        <\/tr>\r\n                    <\/thead>\r\n                    <tbody>\r\n                        <tr>\r\n                            <td class=\"text-center\"><strong><\/strong><\/td>\r\n                            <td class=\"text-center\"><strong>Turistas extranjeros<\/strong><\/td>\r\n                            <td class=\"text-center\"><strong>Turistas Comunidad Andina<\/strong><\/td>\r\n                        <\/tr>\r\n                        <tr>\r\n                            <td class=\"text-center\">Adultos<\/td>\r\n                            <td class=\"text-center\">152 S\/.<\/td>\r\n                            <td class=\"text-center\">64 S\/.<\/td>\r\n                        <\/tr>\r\n                        <tr>\r\n                            <td class=\"text-center\">Estudiantes universitarios<\/td>\r\n                            <td class=\"text-center\">77 S\/.<\/td>\r\n                            <td class=\"text-center\">32 S\/.<\/td>\r\n                        <\/tr>\r\n                    <\/tbody>\r\n                <\/table>\r\n                *Comunidad Andina: Per\u00fa, Colombia, Ecuador y Bolivia.\r\n            <\/div>\r\n            <div class=\"mtc-table-wrapper section\">\r\n                <table class=\"mtc-table-prices\">\r\n                    <thead>\r\n                        <tr>\r\n                            <th colspan=\"3\" class=\"mtc-table__thead\">\r\n                                <div class=\"mtc-table__thead__text text-center\">Entrada Machupicchu con Huaynapicchu<\/div>\r\n                            <\/th>\r\n                        <\/tr>\r\n                    <\/thead>\r\n                    <tbody>\r\n                        <tr>\r\n                            <td class=\"text-center\"><strong><\/strong><\/td>\r\n                            <td class=\"text-center\"><strong>Turistas extranjeros<\/strong><\/td>\r\n                            <td class=\"text-center\"><strong>Turistas Comunidad Andina<\/strong><\/td>\r\n                        <\/tr>\r\n                        <tr>\r\n                            <td class=\"text-center\">Adultos<\/td>\r\n                            <td class=\"text-center\">200 S\/.<\/td>\r\n                            <td class=\"text-center\">112 S\/.<\/td>\r\n                        <\/tr>\r\n                        <tr>\r\n                            <td class=\"text-center\">Estudiantes universitarios<\/td>\r\n                            <td class=\"text-center\">118 S\/.<\/td>\r\n                            <td class=\"text-center\">80 S\/.<\/td>\r\n                        <\/tr>\r\n                    <\/tbody>\r\n                <\/table>\r\n                *Comunidad Andina: Per\u00fa, Colombia, Ecuador y Bolivia.\r\n            <\/div>\r\n            <div class=\"mtc-table-wrapper section\">\r\n                <table class=\"mtc-table-prices\">\r\n                    <thead>\r\n                        <tr>\r\n                            <th colspan=\"3\" class=\"mtc-table__thead\">\r\n                                <div class=\"mtc-table__thead__text text-center\">Entrada Machupicchu con Monta\u00f1a<\/div>\r\n                            <\/th>\r\n                        <\/tr>\r\n                    <\/thead>\r\n                    <tbody>\r\n                        <tr>\r\n                            <td class=\"text-center\"><strong><\/strong><\/td>\r\n                            <td class=\"text-center\"><strong>Turistas extranjeros<\/strong><\/td>\r\n                            <td class=\"text-center\"><strong>Turistas Comunidad Andina<\/strong><\/td>\r\n                        <\/tr>\r\n                        <tr>\r\n                            <td class=\"text-center\">Adultos<\/td>\r\n                            <td class=\"text-center\">200 S\/.<\/td>\r\n                            <td class=\"text-center\">112 S\/.<\/td>\r\n                        <\/tr>\r\n                        <tr>\r\n                            <td class=\"text-center\">Estudiantes universitarios<\/td>\r\n                            <td class=\"text-center\">118 S\/.<\/td>\r\n                            <td class=\"text-center\">80 S\/.<\/td>\r\n                        <\/tr>\r\n                    <\/tbody>\r\n                <\/table>\r\n                *Comunidad Andina: Per\u00fa, Colombia, Ecuador y Bolivia.\r\n            <\/div>\r\n            <div class=\"mtc-table-wrapper section\">\r\n                <table class=\"mtc-table-prices\">\r\n                    <thead>\r\n                        <tr>\r\n                            <th colspan=\"3\" class=\"mtc-table__thead\">\r\n                                <div class=\"mtc-table__thead__text text-center\">Entrada Machupicchu con Huchuypicchu<\/div>\r\n                            <\/th>\r\n                        <\/tr>\r\n                    <\/thead>\r\n                    <tbody>\r\n                        <tr>\r\n                            <td class=\"text-center\"><strong><\/strong><\/td>\r\n                            <td class=\"text-center\"><strong>Turistas extranjeros<\/strong><\/td>\r\n                            <td class=\"text-center\"><strong>Turistas Comunidad Andina<\/strong><\/td>\r\n                        <\/tr>\r\n                        <tr>\r\n                            <td class=\"text-center\">Adultos<\/td>\r\n                            <td class=\"text-center\">152 S\/.<\/td>\r\n                            <td class=\"text-center\">64 S\/.<\/td>\r\n                        <\/tr>\r\n                        <tr>\r\n                            <td class=\"text-center\">Estudiantes universitarios<\/td>\r\n                            <td class=\"text-center\">77 S\/.<\/td>\r\n                            <td class=\"text-center\">32 S\/.<\/td>\r\n                        <\/tr>\r\n                    <\/tbody>\r\n                <\/table>\r\n                *Comunidad Andina: Per\u00fa, Colombia, Ecuador y Bolivia.\r\n            <\/div>\r\n            <h2 id=\"carnet-universitario-necesito\">El carnet universitario que necesito<\/h2>\r\n            <p><strong>El carnet universitario es el oficial otorgado por la m\u00e1xima autoridad en educaci\u00f3n de su pa\u00eds<\/strong>. No est\u00e1n permitidos realizar las reservas con: carnet de estudiante ISIC, carnet de bibliotecas, recibo de matr\u00edculas, carnet universitario con cr\u00e9dito o d\u00e9bito, etc.<\/p>\r\n            <p>Estos son los requisitos que debe cumplir su carnet universitario:<\/p>\r\n            <ul>\r\n                <li>Carnet de material de PVC.<\/li>\r\n                <li>Mostrar el nombre de la universidad o instituto.<\/li>\r\n                <li>Mostrar de forma legible los nombres y apellidos.<\/li>\r\n                <li>Mostrar de forma legible la foto del estudiante.<\/li>\r\n                <li>Mostrar de forma legible la fecha de caducidad (carnet vigente).<\/li>\r\n            <\/ul>\r\n            <div class=\"mt-4 mb-4\">\r\n                <figure class=\"text-center\"><img decoding=\"async\" src=\"https:\/\/imachupicchu.com\/wp-content\/uploads\/carnet-valido-descuento-2024-es-full.jpg\" alt=\"Carnet Universitario entrada Machu Picchu\" \/>\r\n                    <figcaption class=\"fz-14 text-center italic mt-1\"><strong>Carnet valido para acceder al descuento para estudiantes<\/strong><\/figcaption>\r\n                <\/figure>\r\n            <\/div>\r\n            <h2 id=\"compra-ticket-descuento-universitario\">La compra del ticket con descuento universitario<\/h2>\r\n            La compra del boleto de ingreso a Machu Picchu se puede realizar a trav\u00e9s del sitio oficial: www.machupicchu.gob.pe. En este caso solo es necesario registrar los datos como estudiante universitario. Los precios ya incluyen descuentos.\r\n            <strong>Otra opci\u00f3n es efectuar la compra en la misma ciudad del Cusco en las oficinas autorizadas: calle Garcilaso s\/n, Cusco y en calle Maruri 324<\/strong>. El horario de atenci\u00f3n es de lunes a domingo de 7 de la ma\u00f1ana a 5 de la tarde.\r\n            Finalmente existe la otra opci\u00f3n que es adquirir la entrada a trav\u00e9s de una agencia de turismo por internet. Las agencias pueden adquirir r\u00e1pido las entradas para los turistas a cambio de un costo adicional. Puede elegir la agencia de turismo de su preferencia.\r\n            <h2 id=\"mas-informacion\">M\u00e1s informaci\u00f3n sobre la entrada para estudiantes<\/h2>\r\n            <strong>El boleto tambi\u00e9n lo puede comprar en la oficina autorizada del pueblo de Aguas Calientes (Machu Picchu pueblo)<\/strong>. Sin embargo tenga presente que al comprar su boleto a \u00faltimo momento corre el riesgo de no conseguir disponibilidad. Lo m\u00e1s aconsejable es hacerlo por internet anticipadamente.\r\n            El carnet universitario tambi\u00e9n sirve para realizar otras compras con descuento en el viaje al Cusco. Por ejemplo permiten acceder a una promoci\u00f3n en la adquisici\u00f3n del \u2018Boleto Tur\u00edstico del Cusco\u2019. Este ticket ofrece el ingreso a distintos sitios arqueol\u00f3gicos y museos incas.\r\n            Si compra su entrada Machu Picchu con descuento universitario por internet debe de efectuar el pago con tarjetas de cr\u00e9dito Visa o MasterCard. Los tickets ser\u00e1n enviados al correo electr\u00f3nico del turista. El visitante solo debe imprimir el boleto y mostrarlo el d\u00eda de su ingreso a Machu Picchu.\r\n            <p>&nbsp;<\/p><p class=\"autor-fecha\">Por <strong>Imachupicchu<\/strong> \u2013 Ultima actualizaci\u00f3n, 22 de agosto de 2024<\/p>\r\n        <\/article>\r\n    <\/div>\r\n<\/div>\r\n<\/main>","protected":false},"excerpt":{"rendered":"Mi entrada a Machu Picchu con descuento universitario La entrada a Machu Picchu ofrece precios especiales para los estudiantes universitarios de todos los pa\u00edses. \u00bfC\u00f3mo acceder a estos descuentos? Solo debe realizar su compra como estudiante universitario. Al momento de su ingreso a Machu Picchu el guardia le pedir\u00e1 su carnet universitario vigente. Recuerde que [&hellip;]","protected":false},"author":1,"featured_media":0,"parent":0,"menu_order":0,"comment_status":"closed","ping_status":"closed","template":"","meta":{"footnotes":""},"class_list":["post-1462","page","type-page","status-publish","hentry","no-wpautop"],"aioseo_notices":[],"_links":{"self":[{"href":"https:\/\/imachupicchu.com\/es\/wp-json\/wp\/v2\/pages\/1462","targetHints":{"allow":["GET"]}}],"collection":[{"href":"https:\/\/imachupicchu.com\/es\/wp-json\/wp\/v2\/pages"}],"about":[{"href":"https:\/\/imachupicchu.com\/es\/wp-json\/wp\/v2\/types\/page"}],"author":[{"embeddable":true,"href":"https:\/\/imachupicchu.com\/es\/wp-json\/wp\/v2\/users\/1"}],"replies":[{"embeddable":true,"href":"https:\/\/imachupicchu.com\/es\/wp-json\/wp\/v2\/comments?post=1462"}],"version-history":[{"count":16,"href":"https:\/\/imachupicchu.com\/es\/wp-json\/wp\/v2\/pages\/1462\/revisions"}],"predecessor-version":[{"id":4394,"href":"https:\/\/imachupicchu.com\/es\/wp-json\/wp\/v2\/pages\/1462\/revisions\/4394"}],"wp:attachment":[{"href":"https:\/\/imachupicchu.com\/es\/wp-json\/wp\/v2\/media?parent=1462"}],"curies":[{"name":"wp","href":"https:\/\/api.w.org\/{rel}","templated":true}]}}