{"id":3141,"date":"2023-06-12T17:49:39","date_gmt":"2023-06-12T17:49:39","guid":{"rendered":"https:\/\/imachupicchu.com\/es\/?page_id=3141"},"modified":"2026-03-23T17:31:00","modified_gmt":"2026-03-23T17:31:00","slug":"reserva-tren-inca-rail-machu-picchu","status":"publish","type":"page","link":"https:\/\/imachupicchu.com\/es\/reserva-tren-inca-rail-machu-picchu\/","title":{"rendered":"Reserva Tren Inca Rail a Machu Picchu"},"content":{"rendered":"<div class=\"contenti\">\n<div class=\"section\">\n<div class=\"single\">\n            <\/p>\n<header>\n<h1 class=\"heading-title text-center\">Reserva Tren \u2018Inca Rail\u2019 a Machu Picchu<\/h1>\n<\/header>\n<p>&nbsp;<\/p>\n<h2>Beneficios de comprar el ticket de tren Inca Rail a Machu Picchu:<\/h2>\n<ul class=\"ultc\">\n<li>Inca Rail ofrece c\u00f3modas instalaciones antes y despu\u00e9s del viaje en tren: asientos c\u00f3modos, vistas panor\u00e1micas, mesas y atenci\u00f3n a bordo. <\/li>\n<li>Disfruta a bordo del show \u2018Ollantay\u2019, el primer drama en quechua tanto en el tramo de ida como en el tramo de vuelta. <\/li>\n<li>Mejora tu experiencia agregando el servicio \u2018Bus + tren\u2019, el cual incluye el bus tur\u00edstico a Ollantaytambo y el viaje en tren a Machu Picchu. <\/li>\n<li>Existen diversos servicios de trenes como The Voyager, The 360 y m\u00e1s. \u00a1Elige el que m\u00e1s te conviene! <\/li>\n<li>Evita las largas colas en tu estad\u00eda en Cusco. Compra con anticipaci\u00f3n desde cualquier parte del mundo y conoce Machu Picchu como lo so\u00f1aste. <\/li>\n<\/ul>\n<hr>\n<p>            <!-- \n\n<p>&nbsp;<\/p>\n\n\n            \n\n<div class=\"tta-booking-container\">\n                [ttapp id=\"trains\" type=\"train\"]\n            <\/div>\n\n\n            \n\n<p>&nbsp;<\/p>\n\n --><br \/>\n                <div class=\"pl-template mt-fmv-form-render fm-form-container\" id=\"fmv_data_id\"><div class=\"row\"><div class=\"col-xs-12 col-md-8\"><form-container :data=\"render\" :loading=\"loading\" :current=\"current\" :submited=\"submited\" :settings=\"settings\" :nosolved=\"showCaptchaError\" :sending=\"sending\" :pre-upload=\"preUpload\" :show-preview-data=\"showPreviewData\" :show-submit-buttons=\"showSubmitButtons\" :fid=\"fid\" :preview-data-content=\"previewDataContent\" :change-register-section=\"changeRegisterSection\" :is-login=\"isLogin\" :payments=\"payments\" :translates=\"translates\" :type=\"type\" :message=\"message\"><\/form-container><\/div><div class=\"col-xs-12 col-md-4\"><div class=\"pl-html\"><div style=\"font-size: 13px;padding: 10px;background-color: #f6f6f6;border-radius: 3px;border: 1px solid #ededed;\">\n    <h3 style=\"margin-top:0;text-align:center\">Detalles<\/h3>\n    <h4 style=\"font-size: 15px;font-weight: bold;\">Viaje de ida<\/h4>\n    <p style=\"padding-left:10px\">\n        <span style=\"padding: 4px;margin-right: 10px;font-weight: bold;color: #3983ff;\">{{emitter.outbound_date}}<\/span>\n        <span style=\"padding: 4px;color: #979797;\">{{emitter.outbound_route}}<\/span>\n        <span v-if=\"emitter.outbound_route!='4'\" style=\"display: block;padding: 4px;font-weight: bold;\">{{emitter.outbound_service}}<\/span>\n        <span v-if=\"emitter.outbound_service!=''\" style=\"display:block;padding:4px;font-weight:bold;\"><span>Adulto({{emitter.n_a_v}}) :<\/span> <span style=\"float:right;color:#0030a6\">USD {{emitter.p_a_o}}<\/span><\/span>\n        <span v-if=\"emitter.outbound_service!=''\" style=\"display:block;padding:4px;font-weight:bold;\"><span>Menor({{emitter.n_ch_v}}) :<\/span> <span style=\"float:right;color:#0030a6\">USD {{emitter.p_ch_o}}<\/span><\/span>\n    <\/p>\n    <h4 style=\"font-size: 15px;font-weight: bold;\">Viaje de retorno<\/h4>\n    <p style=\"padding-left:10px\">\n        <span style=\"padding: 4px;margin-right: 10px;font-weight: bold;color: #3983ff;\">{{emitter.inbound_date}}<\/span>\n        <span style=\"padding: 4px;color: #979797;\">{{emitter.Inbound_route}}<\/span>\n        <span v-if=\"emitter.Inbound_route!='4'\" style=\"display: block;padding: 4px;font-weight: bold;\">{{emitter.inbound_service}}<\/span>\n        <span v-if=\"emitter.inbound_service!=''\" style=\"display:block;padding:4px;font-weight:bold;\"><span>Adulto({{emitter.n_a_v}}) :<\/span> <span style=\"float:right;color:#0030a6\">USD {{emitter.p_a_i}}<\/span><\/span>\n        <span v-if=\"emitter.inbound_service!=''\" style=\"display:block;padding:4px;font-weight:bold;\"><span>Menor({{emitter.n_ch_v}}) :<\/span> <span style=\"float:right;color:#0030a6\">USD {{emitter.p_ch_i}}<\/span><\/span>\n    <\/p>\n    <h4 style=\"text-align:right\">Total USD: {{emitter.total_price}}<\/h4>\n<\/div><\/div><\/div><\/div><\/div>\n        <\/div>\n<\/p><\/div>\n<\/div>\n","protected":false},"excerpt":{"rendered":"<p>Reserva Tren \u2018Inca Rail\u2019 a Machu Picchu &nbsp; Beneficios de comprar el ticket de tren Inca Rail a Machu Picchu: Inca Rail ofrece c\u00f3modas instalaciones antes y despu\u00e9s del viaje en tren: asientos c\u00f3modos, vistas panor\u00e1micas, mesas y atenci\u00f3n a bordo. Disfruta a bordo del show \u2018Ollantay\u2019, el primer drama en quechua tanto en el [&hellip;]<\/p>\n","protected":false},"author":1,"featured_media":0,"parent":0,"menu_order":0,"comment_status":"closed","ping_status":"closed","template":"","meta":{"footnotes":""},"class_list":["post-3141","page","type-page","status-publish","hentry","wpautop"],"aioseo_notices":[],"_links":{"self":[{"href":"https:\/\/imachupicchu.com\/es\/wp-json\/wp\/v2\/pages\/3141","targetHints":{"allow":["GET"]}}],"collection":[{"href":"https:\/\/imachupicchu.com\/es\/wp-json\/wp\/v2\/pages"}],"about":[{"href":"https:\/\/imachupicchu.com\/es\/wp-json\/wp\/v2\/types\/page"}],"author":[{"embeddable":true,"href":"https:\/\/imachupicchu.com\/es\/wp-json\/wp\/v2\/users\/1"}],"replies":[{"embeddable":true,"href":"https:\/\/imachupicchu.com\/es\/wp-json\/wp\/v2\/comments?post=3141"}],"version-history":[{"count":5,"href":"https:\/\/imachupicchu.com\/es\/wp-json\/wp\/v2\/pages\/3141\/revisions"}],"predecessor-version":[{"id":5455,"href":"https:\/\/imachupicchu.com\/es\/wp-json\/wp\/v2\/pages\/3141\/revisions\/5455"}],"wp:attachment":[{"href":"https:\/\/imachupicchu.com\/es\/wp-json\/wp\/v2\/media?parent=3141"}],"curies":[{"name":"wp","href":"https:\/\/api.w.org\/{rel}","templated":true}]}}