{"id":3863,"date":"2023-10-25T21:05:57","date_gmt":"2023-10-25T21:05:57","guid":{"rendered":"https:\/\/imachupicchu.com\/es\/?page_id=3863"},"modified":"2024-08-22T21:26:06","modified_gmt":"2024-08-22T21:26:06","slug":"reserva-trenes-machu-picchu","status":"publish","type":"page","link":"https:\/\/imachupicchu.com\/es\/reserva-trenes-machu-picchu\/","title":{"rendered":"Reserva Trenes Machu Picchu"},"content":{"rendered":"<div class=\"container container-page\">\n<div class=\"section\">\n<div class=\"single\">\n            <\/p>\n<header>\n<h1 class=\"heading-title text-center\">Reserva Tren a Machupicchu<\/h1>\n<\/header>\n<p>&nbsp;<\/p>\n<h2>Beneficios de reservar tu viaje en tren con IMachupicchu<\/h2>\n<ul class=\"ultc text-justify\">\n<li>Busca la mejor opci\u00f3n en los diferentes servicios de trenes.<\/li>\n<li>Tambi\u00e9n podr\u00e1s adquirir el servicio bimodal o el servicio directo que hace el viaje Cusco a Machu Picchu.<\/li>\n<li>Asegura tu reserva desde la comodidad de tu hogar. Los pagos y reservas son 100% virtuales.<\/li>\n<li>Escoge entre los diferentes servicios de trenes desde los m\u00e1s econ\u00f3micos o los servicios premium o de primera clase.<\/li>\n<li>Lib\u00e9rate de hacer largas colas o madrugar antes de viajar, tendr\u00e1s los boletos de forma virtual y desde cualquier parte del mundo.<\/li>\n<li>Solo necesitar\u00e1s conexi\u00f3n a internet para realizar la compra.<\/li>\n<li>Aprovecha y has tu reserva en este formulario sencillo e intuitivo.<\/li>\n<\/ul>\n<hr>\n<p>\n            <div id=\"ttapp\"><\/div><br \/>\n            <\/p>\n<div class=\"cnt-gal\"><div class=\"mtg-images-container\" data-album=\"17\" data-shortcode=\"18\" data-cdn=\"https:\/\/d30oa1noalw1jv.cloudfront.net\" data-style=\"4\" data-theme=\"1\" data-auth=\"0\"><div class=\"mtg-p-10 mtg-row\"><div class=\"mtg-col-1-7\"><div class=\"mtg-image-container mtg-box-shadow-1\"><figure class=\"mtg-image mtg-1-1 \"><img mtg-src=\"images\/swBRR2YjruN2ljW0ymFhQ2hZeLsiRc-tren-vistadome-per-rail\/tren-vistadome-per-rail\" mtg-format=\"jpg\" mtg-width=\"1325\" mtg-height=\"867\" mtg-album=\"\" mtg-image=\"235\" title=\"Tren Vistadome - Per\u00fa Rail\" alt=\"Tren Vistadome - Per\u00fa Rail\"><a class=\"mtg-image-link\" href=\"#album=tren-vistadome-per-rail&photo=tren-vistadome-per-rail&ids=18&ida=17&idi=235\"><\/a><\/figure><\/div><\/div><div class=\"mtg-col-1-7\"><div class=\"mtg-image-container mtg-box-shadow-1\"><figure class=\"mtg-image mtg-1-1 \"><img mtg-src=\"images\/M6KQBmKxSPszdjHFfi6OFeWAlXGQ85-tren-vistadome-per-rail\/tren-vistadome-per-rail\" mtg-format=\"jpg\" mtg-width=\"1325\" mtg-height=\"867\" mtg-album=\"\" mtg-image=\"239\" title=\"Tren Vistadome - Per\u00fa Rail\" alt=\"Tren Vistadome - Per\u00fa Rail\"><a class=\"mtg-image-link\" href=\"#album=tren-vistadome-per-rail&photo=tren-vistadome-per-rail&ids=18&ida=17&idi=239\"><\/a><\/figure><\/div><\/div><div class=\"mtg-col-1-7\"><div class=\"mtg-image-container mtg-box-shadow-1\"><figure class=\"mtg-image mtg-1-1 \"><img mtg-src=\"images\/IPrGsdm443HoiKSnuP2aA4ulryovrO-tren-vistadome-per-rail\/tren-vistadome-per-rail\" mtg-format=\"jpg\" mtg-width=\"1325\" mtg-height=\"867\" mtg-album=\"\" mtg-image=\"238\" title=\"Tren Vistadome - Per\u00fa Rail\" alt=\"Tren Vistadome - Per\u00fa Rail\"><a class=\"mtg-image-link\" href=\"#album=tren-vistadome-per-rail&photo=tren-vistadome-per-rail&ids=18&ida=17&idi=238\"><\/a><\/figure><\/div><\/div><div class=\"mtg-col-1-7\"><div class=\"mtg-image-container mtg-box-shadow-1\"><figure class=\"mtg-image mtg-1-1 \"><img mtg-src=\"images\/PN131IKnCsaXmx1Fz904iSekBcWuPo-tren-vistadome-per-rail\/tren-vistadome-per-rail\" mtg-format=\"jpg\" mtg-width=\"1325\" mtg-height=\"867\" mtg-album=\"\" mtg-image=\"237\" title=\"Tren Vistadome - Per\u00fa Rail\" alt=\"Tren Vistadome - Per\u00fa Rail\"><a class=\"mtg-image-link\" href=\"#album=tren-vistadome-per-rail&photo=tren-vistadome-per-rail&ids=18&ida=17&idi=237\"><\/a><\/figure><\/div><\/div><div class=\"mtg-col-1-7\"><div class=\"mtg-image-container mtg-box-shadow-1\"><figure class=\"mtg-image mtg-1-1 \"><img mtg-src=\"images\/XWKBiRpvlwsK8Wc5juIvcyQ6ue00Oi-tren-vistadome-per-rail\/tren-vistadome-per-rail\" mtg-format=\"jpg\" mtg-width=\"800\" mtg-height=\"1000\" mtg-album=\"\" mtg-image=\"243\" title=\"Tren Vistadome - Per\u00fa Rail\" alt=\"Tren Vistadome - Per\u00fa Rail\"><a class=\"mtg-image-link\" href=\"#album=tren-vistadome-per-rail&photo=tren-vistadome-per-rail&ids=18&ida=17&idi=243\"><\/a><\/figure><\/div><\/div><div class=\"mtg-col-1-7\"><div class=\"mtg-image-container mtg-box-shadow-1\"><figure class=\"mtg-image mtg-1-1 \"><img mtg-src=\"images\/INyZrKGc82Os9vVvq1HfeBS7vZCQY0-tren-vistadome-per-rail\/tren-vistadome-per-rail\" mtg-format=\"jpg\" mtg-width=\"800\" mtg-height=\"1000\" mtg-album=\"\" mtg-image=\"244\" title=\"Tren Vistadome - Per\u00fa Rail\" alt=\"Tren Vistadome - Per\u00fa Rail\"><a class=\"mtg-image-link\" href=\"#album=tren-vistadome-per-rail&photo=tren-vistadome-per-rail&ids=18&ida=17&idi=244\"><\/a><\/figure><\/div><\/div><div class=\"mtg-col-1-7\"><div class=\"mtg-image-container mtg-box-shadow-1\"><figure class=\"mtg-image mtg-1-1 mtg-last-image\"><img mtg-src=\"images\/jgtjs7HZnxLZUNqOmuvJM6eH7q4mSj-tren-vistadome-per-rail\/tren-vistadome-per-rail\" mtg-format=\"jpg\" mtg-width=\"1325\" mtg-height=\"867\" mtg-album=\"\" mtg-image=\"241\" title=\"Tren Vistadome - Per\u00fa Rail\" alt=\"Tren Vistadome - Per\u00fa Rail\"><a class=\"mtg-image-link\" href=\"#album=tren-vistadome-per-rail&photo=tren-vistadome-per-rail&ids=18&ida=17&idi=241\"><\/a><\/figure><div class=\"mtg-see-all-text\"><span class=\"mtg mtg-camera\"><\/span><span class=\"mtg-nro-images\">Ver m\u00e1s fotos de viajeros<\/span><\/div><a class=\"mtg-see-all-link\" href=\"#album=tren-vistadome-per-rail&ids=18&ida=\"><\/a><\/div><\/div><\/div><\/div><div id=\"mtg-custom-html-18\" style=\"display:none;overflow-x:hidden;\"><\/div><\/div>\n<p>            <!-- \n\n<div class=\"cnt-gal\">[mt_gallery id=\"18\" style=\"1\" auth=\"0\"]<\/div>\n\n --><br \/>\n            <!-- \n\n<div class=\"cnt-gal\">[mt_simple_gallery id=\"sg_615dfd6a30980\"]<\/div>\n\n -->\n        <\/div>\n<\/p><\/div>\n<\/div>\n","protected":false},"excerpt":{"rendered":"<p>Reserva Tren a Machupicchu &nbsp; Beneficios de reservar tu viaje en tren con IMachupicchu Busca la mejor opci\u00f3n en los diferentes servicios de trenes. Tambi\u00e9n podr\u00e1s adquirir el servicio bimodal o el servicio directo que hace el viaje Cusco a Machu Picchu. Asegura tu reserva desde la comodidad de tu hogar. Los pagos y reservas [&hellip;]<\/p>\n","protected":false},"author":1,"featured_media":0,"parent":0,"menu_order":0,"comment_status":"closed","ping_status":"closed","template":"","meta":{"footnotes":""},"class_list":["post-3863","page","type-page","status-publish","hentry","wpautop"],"aioseo_notices":[],"_links":{"self":[{"href":"https:\/\/imachupicchu.com\/es\/wp-json\/wp\/v2\/pages\/3863","targetHints":{"allow":["GET"]}}],"collection":[{"href":"https:\/\/imachupicchu.com\/es\/wp-json\/wp\/v2\/pages"}],"about":[{"href":"https:\/\/imachupicchu.com\/es\/wp-json\/wp\/v2\/types\/page"}],"author":[{"embeddable":true,"href":"https:\/\/imachupicchu.com\/es\/wp-json\/wp\/v2\/users\/1"}],"replies":[{"embeddable":true,"href":"https:\/\/imachupicchu.com\/es\/wp-json\/wp\/v2\/comments?post=3863"}],"version-history":[{"count":12,"href":"https:\/\/imachupicchu.com\/es\/wp-json\/wp\/v2\/pages\/3863\/revisions"}],"predecessor-version":[{"id":4745,"href":"https:\/\/imachupicchu.com\/es\/wp-json\/wp\/v2\/pages\/3863\/revisions\/4745"}],"wp:attachment":[{"href":"https:\/\/imachupicchu.com\/es\/wp-json\/wp\/v2\/media?parent=3863"}],"curies":[{"name":"wp","href":"https:\/\/api.w.org\/{rel}","templated":true}]}}