{"id":3962,"date":"2023-11-17T19:33:57","date_gmt":"2023-11-17T19:33:57","guid":{"rendered":"https:\/\/imachupicchu.com\/es\/?page_id=3962"},"modified":"2024-08-22T21:32:52","modified_gmt":"2024-08-22T21:32:52","slug":"faq","status":"publish","type":"page","link":"https:\/\/imachupicchu.com\/es\/faq\/","title":{"rendered":"Faq"},"content":{"rendered":"<div class=\"container container-page mt-5\">\n<div class=\"section\">\n<h1 class=\"h1-faq\">Informaci\u00f3n \u00fatil para visitar Machu Picchu &#8211; FAQ<\/h1>\n<p>Machu Picchu es uno de los destinos tur\u00edsticos m\u00e1s visitados y admirados del mundo, por su belleza, historia y misticismo. Sin embargo, para disfrutar al m\u00e1ximo de esta maravilla, es importante conocer algunos aspectos pr\u00e1cticos y culturales que pueden facilitar y enriquecer tu experiencia.<\/p>\n<section class=\"js-container-page-faq relative\"><div class=\"filter_cat\"><div class=\"button-fil\"><label class=\"input-radio js-filter-faq active\" data-iden=\"1\">Todos<\/label><\/div><div class=\"button-fil\"><label class=\"input-radio js-filter-faq\" data-iden=\"OJMJ8K\">Informaci\u00f3n<\/label><\/div><div class=\"button-fil\"><label class=\"input-radio js-filter-faq\" data-iden=\"IEq26s\">Machu Picchu<\/label><\/div><div class=\"button-fil\"><label class=\"input-radio js-filter-faq\" data-iden=\"7wFSRZ\">Huayna Picchu<\/label><\/div><div class=\"button-fil\"><label class=\"input-radio js-filter-faq\" data-iden=\"r9ALd9\">Monta\u00f1a Machu Picchu<\/label><\/div><div class=\"button-fil\"><label class=\"input-radio js-filter-faq\" data-iden=\"hTIgta\">Gu\u00eda turistico<\/label><\/div><\/div><input type=\"hidden\" id=\"imtpg\" value=\"1\"><input type=\"hidden\" id=\"imtpp\" value=\"15\"><input type=\"hidden\" id=\"imtfilt\" value=\"1\"><div class=\"slick-3__gap pt-5 js-content-faq\"><div class=\"shelf_link\"><a href=\"https:\/\/imachupicchu.com\/es\/faq\/reservas-enero-demoran\/\">\u00bfPor qu\u00e9 las reservas de enero demoran en ser enviadas?<\/a><\/div><div class=\"shelf_link\"><a href=\"https:\/\/imachupicchu.com\/es\/faq\/recibir-ano-nuevo-machupicchu\/\">\u00bfEs posible recibir el a\u00f1o nuevo en Machu Picchu?<\/a><\/div><div class=\"shelf_link\"><a href=\"https:\/\/imachupicchu.com\/es\/faq\/solo-viajar-tren-machu-picchu\/\">\u00bfSolo puedo viajar en tren a Machu Picchu?<\/a><\/div><div class=\"shelf_link\"><a href=\"https:\/\/imachupicchu.com\/es\/faq\/comprar-entrada-montana-machu-picchu\/\">\u00bfC\u00f3mo se compra la entrada a la monta\u00f1a Machu Picchu?<\/a><\/div><div class=\"shelf_link\"><a href=\"https:\/\/imachupicchu.com\/es\/faq\/segura-caminata-montana-machu-picchu\/\">\u00bfEs segura la caminata a la monta\u00f1a Machu Picchu?<\/a><\/div><div class=\"shelf_link\"><a href=\"https:\/\/imachupicchu.com\/es\/faq\/obligatorio-guia-montana-machu-picchu\/\">\u00bfEs obligatorio ingresar con gu\u00eda tur\u00edstico a la monta\u00f1a Machu Picchu?<\/a><\/div><div class=\"shelf_link\"><a href=\"https:\/\/imachupicchu.com\/es\/faq\/montana-machu-picchu\/\">\u00bfQu\u00e9 es la monta\u00f1a Machu Picchu?<\/a><\/div><div class=\"shelf_link\"><a href=\"https:\/\/imachupicchu.com\/es\/faq\/montana-huayna-picchu-recomendable\/\">\u00bfLa monta\u00f1a Huayna Picchu es recomendable para todos?<\/a><\/div><div class=\"shelf_link\"><a href=\"https:\/\/imachupicchu.com\/es\/faq\/como-llegar-machu-picchu\/\">\u00bfC\u00f3mo llegar a Machu Picchu?<\/a><\/div><div class=\"shelf_link\"><a href=\"https:\/\/imachupicchu.com\/es\/faq\/como-comprar-tickets-tren\/\">\u00bfC\u00f3mo comprar los tickets de tren?<\/a><\/div><div class=\"shelf_link\"><a href=\"https:\/\/imachupicchu.com\/es\/faq\/como-viajar-estacion-tren\/\">\u00bfC\u00f3mo viajar a la estaci\u00f3n de tren?<\/a><\/div><div class=\"shelf_link\"><a href=\"https:\/\/imachupicchu.com\/es\/faq\/como-comprar-tickets-bus\/\">\u00bfC\u00f3mo comprar los tickets de bus?<\/a><\/div><div class=\"shelf_link\"><a href=\"https:\/\/imachupicchu.com\/es\/faq\/cuanto-cuesta-entrada-machu-picchu\/\">\u00bfCu\u00e1nto cuesta la entrada a Machu Picchu?<\/a><\/div><div class=\"shelf_link\"><a href=\"https:\/\/imachupicchu.com\/es\/faq\/clima-machu-picchu\/\">\u00bfC\u00f3mo es el clima?<\/a><\/div><div class=\"shelf_link\"><a href=\"https:\/\/imachupicchu.com\/es\/faq\/como-contratar-guia-turistico\/\">\u00bfC\u00f3mo contratar gu\u00eda tur\u00edstico?<\/a><\/div><\/div><div class=\"clc-action\"><div class=\"ctn js-cnt-faq-paged\"><a href=\"javascript:void(0);\" class=\"btn-reserva js-load-more-faqs\">Ver m\u00e1s<\/a><\/div><\/div><\/section><\/div>\n<\/div>\n","protected":false},"excerpt":{"rendered":"<p>Informaci\u00f3n \u00fatil para visitar Machu Picchu &#8211; FAQ Machu Picchu es uno de los destinos tur\u00edsticos m\u00e1s visitados y admirados del mundo, por su belleza, historia y misticismo. Sin embargo, para disfrutar al m\u00e1ximo de esta maravilla, es importante conocer algunos aspectos pr\u00e1cticos y culturales que pueden facilitar y enriquecer tu experiencia.<\/p>\n","protected":false},"author":1,"featured_media":0,"parent":0,"menu_order":0,"comment_status":"closed","ping_status":"closed","template":"","meta":{"footnotes":""},"class_list":["post-3962","page","type-page","status-publish","hentry","wpautop"],"aioseo_notices":[],"_links":{"self":[{"href":"https:\/\/imachupicchu.com\/es\/wp-json\/wp\/v2\/pages\/3962","targetHints":{"allow":["GET"]}}],"collection":[{"href":"https:\/\/imachupicchu.com\/es\/wp-json\/wp\/v2\/pages"}],"about":[{"href":"https:\/\/imachupicchu.com\/es\/wp-json\/wp\/v2\/types\/page"}],"author":[{"embeddable":true,"href":"https:\/\/imachupicchu.com\/es\/wp-json\/wp\/v2\/users\/1"}],"replies":[{"embeddable":true,"href":"https:\/\/imachupicchu.com\/es\/wp-json\/wp\/v2\/comments?post=3962"}],"version-history":[{"count":5,"href":"https:\/\/imachupicchu.com\/es\/wp-json\/wp\/v2\/pages\/3962\/revisions"}],"predecessor-version":[{"id":4120,"href":"https:\/\/imachupicchu.com\/es\/wp-json\/wp\/v2\/pages\/3962\/revisions\/4120"}],"wp:attachment":[{"href":"https:\/\/imachupicchu.com\/es\/wp-json\/wp\/v2\/media?parent=3962"}],"curies":[{"name":"wp","href":"https:\/\/api.w.org\/{rel}","templated":true}]}}